{"id":4843,"date":"2014-10-16T10:19:16","date_gmt":"2014-10-16T10:19:16","guid":{"rendered":"http:\/\/clinicallobell.es\/aviso-legal\/"},"modified":"2020-02-17T11:09:10","modified_gmt":"2020-02-17T11:09:10","slug":"aviso-legal","status":"publish","type":"page","link":"https:\/\/clinicallobell.es\/en\/aviso-legal\/","title":{"rendered":"Legal Warning"},"content":{"rendered":"[vc_row css=&#8221;.vc_custom_1555491754587{padding-right: 15% !important;padding-left: 15% !important;}&#8221;][vc_column][vc_column_text]\n<h3 class=\"text-boarder-top-bottom-white\">LEGAL WARNING<\/h3>\n[\/vc_column_text][vc_column_text]CL\u00cdNICA IMPLANTOL\u00d3GICA LLOBELL, SL, owner of the domain http:\/\/clinicallobell.es and in compliance with the provisions of Law 34\/2002, of July 11, on Services of the Information Society and Electronic Commerce (LSSICE) and in accordance with the provisions of current regulations on protection of personal data, Regulation (EU) 2016\/679 of April 27, 2016 (GDPR) and the Organic Law of Data Protection in Spain and its development regulations, to The following data are reflected below:<\/p>\n<p>&nbsp;<\/p>\n<p><strong>IDENTIFICATION DATA:<\/strong><\/p>\n<p><strong> Corporate Name: <\/strong> IMPLANTOLOGICAL CLINIC <span class=\"il\"> LLOBELL <\/span>, S.L.<\/p>\n<p><strong> Registered office of the company: <\/strong> CL BOTANICO CAVANILLES No20 BAJO &#8211; 46010 Valencia<\/p>\n<div id=\"stcpDiv\" style=\"position: absolute; top: -1999px; left: -1988px;\">\n<p style=\"text-align: justify;\"><b> Law on Services of the Information Society and Electronic Commerce <\/b><\/p>\n<p style=\"text-align: justify;\">The owner of this Website, makes available to the visitors of the aforementioned, a series of data that according to Law 34\/2002 &#8211; LSSICE of &#8220;Services of the Company and Electronic Commerce Information \u201d, are mandatory for both the recipients of the service and the competent bodies, and therefore can be found below, arranged in an easy, direct and free way:<\/p>\n<p style=\"text-align: justify;\"><b> Corporate Name: <\/b><\/p>\n<p style=\"text-align: justify;\">Marabelia<\/p>\n<p style=\"text-align: justify;\"><b> Company&#8217;s registered office: <\/b><\/p>\n<p style=\"text-align: justify;\">C \/ Marina Baixa N\u00ba5 ESC 6 Pta 4-46015\u2013 Valencia<\/p>\n<p style=\"text-align: justify;\"><b> Physical address of the company: <\/b><\/p>\n<p style=\"text-align: justify;\">AV \/ Bar\u00f3n de C\u00e1rcer 47 pta \/ 2, 46001 &#8211; Valencia<\/p>\n<p style=\"text-align: justify;\"><b> Contact phone: <\/b><\/p>\n<p style=\"text-align: justify;\">Tel. 655282586<\/p>\n<p style=\"text-align: justify;\"><b> Email Address: <\/b><\/p>\n<p style=\"text-align: justify;\">info@marabelia.com<\/p>\n<p style=\"text-align: justify;\"><b> Domain name for identification: <\/b><\/p>\n<p style=\"text-align: justify;\"><a href=\"http:\/\/www.marabelia.com\/\"> www.marabelia.com <\/a><\/p>\n<p style=\"text-align: justify;\"><b> N.I.F <\/b><\/p>\n<p style=\"text-align: justify;\">53052929W<\/p>\n<p>&#8211; See more at: http:\/\/marabelia.com\/aviso-legal\/#sthash.MZI2ORZR.dpuf<\/p>\n<\/div>\n<p><strong>Physical address of the company: <\/strong> CL BOTANICO CAVANILLES No20 BAJO 46010 Valencia<\/p>\n<p><strong> Contact phone: <\/strong> 609 65 23 70<\/p>\n<p><strong> Email Address: administracion@clinicallobell.es <\/strong><\/p>\n<p><strong> Domain name for identification: <\/strong> http:\/\/clinicallobell.es<\/p>\n<p><strong> N.I.F: <\/strong> B96733613<\/p>\n<p>&nbsp;<\/p>\n<p><strong>\u00a0<\/strong><\/p>\n<p><strong>INDUSTRIAL AND INTELLECTUAL PROPERTY NOTICE <\/strong><\/p>\n<p>The contents of all kinds included in the website accessible through the URL <a href=\"http:\/\/clinicallobell.es\"> clinicallobell.es <\/a> including, by way of example only, the images. Illustrations, photographs, texts, brands, logos or designs are the property of IMPLANTOLOGICAL CLINIC <span class=\"il\"> LLOBELL <\/span> and \/ or other legitimate collaborators who have granted the corresponding use rights to it. Industrial and intellectual property over all the mentioned contents are duly protected by Spanish legislation.<\/p>\n<p>Any total or partial use of the contents of the website consisting of the reproduction, distribution, public communication in any modality and by any means is strictly prohibited, unless expressly authorized in writing by IMPLANTOLOGICAL CLINIC <span class=\"il\"> LLOBELL &lt;\/ span&gt;<\/span><\/p>\n<p>&nbsp;<\/p>\n<p><strong> LINKS <\/strong><\/p>\n<p>In the event that <a href=\"http:\/\/clinicallobell.es\"> clinicallobell.es <\/a> links or hyperlinks to other Internet sites are available, CLINICA IMPLANTOL\u00d3GICA <span class=\"il\"> LLOBELL SL <\/span> will not exercise any type of control over said sites and contents. In no case IMPLANTOLOGICAL CLINIC <span class=\"il\"> LLOBELL SL <\/span> will assume any responsibility for the contents of any link belonging to a third-party website, nor will it guarantee technical availability, quality, reliability, accuracy, breadth, veracity, validity and constitutionality of any material or information contained in any such hyperlinks or other Internet sites.<\/p>\n<p>Likewise, the inclusion of these external connections will not imply any type of association, merger or participation with the connected entities.<\/p>\n<p>&nbsp;<\/p>\n<p><strong>MODIFICATION OF THE PRESENT CONDITIONS AND DURATION <\/strong><\/p>\n<p>IMPLANTOLOGICAL CLINIC <span class=\"il\"> LLOBELL <\/span> may modify at any time the conditions determined here, being duly published as they appear here.<\/p>\n<p>The validity of the aforementioned conditions will depend on their exposure and will be valid until duly published. that are modified by others.<\/p>\n<p>&nbsp;<\/p>\n<p><strong>APPLICABLE LEGISLATION AND JURISDICTION <\/strong><\/p>\n<p>The relationship between IMPLANTOLOGICAL CLINIC <span class=\"il\"> LLOBELL <\/span> and the USER will be governed by current Spanish regulations and any dispute will be submitted to the Courts and courts of the city of Valencia[\/vc_column_text][\/vc_column][\/vc_row][vc_row css=&#8221;.vc_custom_1555491754587{padding-right: 15% !important;padding-left: 15% !important;}&#8221;][vc_column][vc_column_text]\n<h3 class=\"text-boarder-top-bottom-white\">PRIVACY POLICY<\/h3>\n[\/vc_column_text][vc_column_text]\n<div id=\"page\" class=\"hfeed site grid-container container grid-parent\">\n<div id=\"content\" class=\"site-content\">\n<div id=\"primary\" class=\"content-area grid-parent mobile-grid-100 grid-100 tablet-grid-100\">\n<article id=\"post-17886\" class=\"post-17886 page type-page status-publish\">\n<div class=\"inside-article\">\n<div class=\"entry-content\">\n<div class=\"vc_row wpb_row vc_row-fluid\">\n<div class=\"wpb_column vc_column_container vc_col-sm-12\">\n<div class=\"vc_column-inner\">\n<div class=\"wpb_wrapper\">\n<div class=\"wpb_text_column wpb_content_element \">\n<div class=\"wpb_wrapper\">\n<p>The Privacy Policy is part of the General Conditions that govern the Clinicallobell.es Page together with the Cookies Policy and the Legal Notice.<\/p>\n<\/div>\n<\/div>\n<div class=\"wpb_text_column wpb_content_element \">\n<div class=\"wpb_wrapper\">\n<p><strong>CLINICA IMPLANTOL\u00d3GICA LLOBELL. <\/strong> respects the current legislation on the protection of personal data, the privacy of users and the secrecy and security of personal data, in accordance with the provisions of the applicable legislation on data protection , specifically, Regulation 2016\/679 of the European Parliament and of the Council of April 27, 2016 and the Organic Law of Data Protection in Spain and its development standards, adopting the necessary technical and organizational measures to avoid loss, misuse, alteration, unauthorized access and theft of personal data provided, given the state of the technology, the nature of the data and the risks to which they are exposed.<\/p>\n<p>Specifically, it is informed that your personal data may only be obtained for processing when they are adequate, relevant and not excessive in relation to the scope and the specific, explicit and legitimate purposes for which they were obtained.<\/p>\n<p>&nbsp;<\/p>\n<p><strong>Who is responsible for the processing of your personal data? <\/strong><\/p>\n<p>The data that is collected or provided voluntarily through the Website, either by browsing it, as well as all those that you can provide in the contact forms, via email or by phone, will be collected and processed by the Treatment Manager, whose data are indicated below<\/p>\n<p>Responsible for Treatment: <strong> LLOBELL IMPLANTOLOGICAL CLINIC. <\/strong><br \/>\nE-mail: <strong> administracion@clinicallobell.es <\/strong><\/p>\n<p>&nbsp;<\/p>\n<p><strong>For what purposes are we going to process your personal data? <\/strong><\/p>\n<ul>\n<li>Answer your questions, requests or requests.<\/li>\n<li>Manage the requested service, answer your request, or process your request.<\/li>\n<li>Information by electronic means, which deal with your request.<\/li>\n<li>Commercial or event information by electronic means, provided there is express authorization.<\/li>\n<li>Perform analysis and improvements on the Web, about our products and services. Improve our business strategy.<\/li>\n<\/ul>\n<p>&nbsp;<\/p>\n<p><strong>What is the legitimacy for the processing of your data? <\/strong><\/p>\n<p>Acceptance and consent of the interested party: In those cases where to make a request it is necessary to fill in a form and click on the submit button, the realization of the same will necessarily imply that you have been informed and have expressly given your consent to the content of the clause attached to said form or acceptance of the privacy policy.<\/p>\n<p>&nbsp;<\/p>\n<p><strong>Who will we communicate your data to? <\/strong><\/p>\n<p>Your data will not be transferred to Third Parties except Legal obligation.<\/p>\n<p>&nbsp;<\/p>\n<p><strong>Assignment to Sponsors <\/strong><\/p>\n<p>If you register for an event, technology conferences, training, etc. that are sponsored by our Partners, and only in those cases, we inform you that <strong> IMPLANTOLOGICAL CLINIC LLOBELL. <\/strong> will transfer your data to the Co-Organizers, Sponsors and \/ or Speakers who participate or promote the courses, conferences and events organized . by <strong> LLOBELL IMPLANTOLOGICAL CLINIC. <\/strong><\/p>\n<p>The purpose of these assignments is to provide the User with more and more extensive information on the companies and speakers whose presentations and \/ or events attend and to be able to provide a better service in this way.<\/p>\n<p>&nbsp;<\/p>\n<p><strong>For what period will we store your data? <\/strong><\/p>\n<p>Personal data will be maintained while maintaining the link with the Responsible. At the end of the same, the personal data processed in each of the indicated purposes will be kept during the legally established periods or during the period that a judge or court may require them according to the statute of limitations for legal actions. The data processed will be maintained as long as the aforementioned legal deadlines do not expire, if there is a legal maintenance obligation, or if there is no legal deadline, until the interested party requests its deletion or revokes the consent granted.<\/p>\n<p>&nbsp;<\/p>\n<p><strong>What are your rights? <\/strong><\/p>\n<ul>\n<li>Namely, if we are treating your data or not.<\/li>\n<li>To access your personal data.<\/li>\n<li>To request the rectification of your data if they are inaccurate.<\/li>\n<li>To request the deletion of your data if they are no longer necessary for the purposes for which they were collected or if you give us the consent granted.<\/li>\n<li>To request the limitation of the processing of your data, in some cases, in which case they will only be kept in accordance with current regulations.<\/li>\n<li>To carry your data, which will be provided in a structured format, commonly used or mechanical reading.<\/li>\n<li>To file a claim with the Data Protection Delegate (if applicable) or with the Spanish Data Protection Agency or competent control authority, if you believe that we have not treated you correctly.<\/li>\n<li>To revoke the consent for each specific purpose, without affecting the legality of the treatment based on the express consent.<\/li>\n<\/ul>\n<p>&nbsp;<\/p>\n<p><strong>How can you exercise your rights? <\/strong><\/p>\n<p>We inform you that you can exercise the rights of access, rectification, deletion and opposition, by writing together with a photocopy of ID to the Data Protection Delegate <strong>, <\/strong> at the following address:<\/p>\n<p><strong> LLOBELL IMPLANTOLOGICAL CLINIC. <\/strong><\/p>\n<p><strong> E-mail: administracion@clinicallobell.es <\/strong><\/p>\n<p>In certain cases, the interested party may request the limitation of the processing of their data, in which case we will only keep them in accordance with current regulations.<\/p>\n<p>In certain cases you can exercise your right to the portability of the data, which will be delivered in a structured format, commonly used or mechanically read to you or the new responsible for the treatment you designate.<\/p>\n<p>You have the right to revoke consent at any time for any of the treatments for which you have granted it.<\/p>\n<p>The interested party or their representative is informed that they may file a claim with the Spanish Agency for Data Protection, in the event that they consider that the exercise of their rights has not been adequately addressed.<\/p>\n<p>&nbsp;<\/p>\n<p><strong>Changes to the Privacy Policy: <\/strong><\/p>\n<p><strong> LLOBELL IMPLANTOLOGICAL CLINIC. <\/strong> reserves the right to modify or adapt this Privacy Policy at all times. Therefore, we recommend that you check it every time you access the Website. In the event that the user has registered on the website and access your account or profile, when accessing it, you will be informed in the event that there have been substantial changes in relation to the processing of your personal data.<\/p>\n<\/div>\n<\/div>\n<\/div>\n<\/div>\n<\/div>\n<\/div>\n<\/div>\n<\/div>\n<\/article>\n<\/div>\n<\/div>\n<\/div>\n<div class=\"site-footer footer-bar-active footer-bar-align-center\">\n<div id=\"footer-widgets\" class=\"site footer-widgets\">\n<div class=\"footer-widgets-container grid-container grid-parent\">\n<div class=\"inside-footer-widgets\">\n<div class=\"footer-widget-1 grid-parent grid-100 tablet-grid-50 mobile-grid-100\">\n<aside id=\"custom_html-17\" class=\"widget_text widget inner-padding widget_custom_html\">\n<div class=\"textwidget custom-html-widget\">\n<div class=\"hablamos\"><\/div>\n<\/div>\n<\/aside>\n<aside id=\"custom_html-13\" class=\"widget_text widget inner-padding widget_custom_html\"><\/aside>\n<\/div>\n<\/div>\n<\/div>\n<\/div>\n<\/div>\n[\/vc_column_text][\/vc_column][\/vc_row][vc_row css=&#8221;.vc_custom_1555491754587{padding-right: 15% !important;padding-left: 15% !important;}&#8221;][vc_column][vc_column_text]\n<h3 class=\"text-boarder-top-bottom-white\">COOKIES<\/h3>\n[\/vc_column_text][vc_column_text]\n<div class=\"wpb_text_column wpb_content_element \">\n<div class=\"wpb_wrapper\">\n<div class=\"address\">\n<p>Access and navigation on the site, or the use of its services, imply acceptance of the General Conditions established in our Legal Notice (and therefore of the Privacy Policy and Cookies Policy). Please read them carefully. We thank you for deciding to visit us. We want your experience on the site to be the best possible, and for that reason we have written this Cookies Policy in the most transparent way possible.<\/p>\n<p>&nbsp;<\/p>\n<\/div>\n<\/div>\n<\/div>\n<div class=\"wpb_text_column wpb_content_element \">\n<div class=\"wpb_wrapper\">\n<div class=\"address\">\n<p><strong>What is a cookie? <\/strong><\/p>\n<p>Cookies are files that contain small amounts of information that are downloaded to the user&#8217;s device that is used when you visit a website. Its main purpose is to recognize the user each time they access clinicallobell.es, which allows us to improve the quality and usability of our website.<\/p>\n<p>Cookies are essential for the operation of the Internet; they cannot damage the user&#8217;s device \/ device and, if they are activated in your browser settings, they help us identify and resolve possible clinicallobell.es operating errors<\/p>\n<p><strong> Types of Cookies <\/strong><\/p>\n<p>There are different types of cookies. They all work the same way, but they have small differences:<\/p>\n<ul>\n<li><strong><u>Session Cookies <\/u> <\/strong> <u>: <\/u> Session cookies last only for the duration of your visit and are deleted when you close your browser. Its main purpose is to identify the type of device, support website security or its basic functionality. They do not contain personal information that allows us to identify a person.<\/li>\n<li><strong> <u> Persistent or Permanent Cookies <\/u> <\/strong> <u>: <\/u> They are stored on the device&#8217;s hard drive and our website reads them every time you make a new visit to clinicallobell.es; It has a specific expiration or expiration date, after which the cookie stops working. They allow us to identify your actions and preferences; analyze visits and help us understand how users get to our page and improve our services.<\/li>\n<li><strong> <u> Functionality Cookies <\/u> <\/strong> <u>: <\/u> They allow clinicallobell.es to remember decisions taken by the user, such as their login or identifier. The information that these cookies collect is anonymized (that is, it does not contain your name, address, or other data).<\/li>\n<li><strong> <u> Third Party Cookies <\/u> <\/strong> <u>: <\/u> Third-party cookies are the cookies installed by a website that is not the one you are visiting; for example, those used by social networks (such as Facebook) or external content supplements (such as Google Maps). In addition, some advertising companies use these types of files to track your visits to each site where they are advertised.<\/li>\n<li><strong> <u> Analytical Cookies <\/u> <\/strong> <u>: <\/u> These are cookies that have the purpose of periodic maintenance and guarantee the best operation and service to the user; collecting data of your activity.<\/li>\n<\/ul>\n<p><strong> Use of Cookies by clinicallobell.es <\/strong><\/p>\n<p>By accessing <b> clinicallobell.es <\/b>, you expressly accept that we can use this type of cookies on your devices. If you disable cookies, your browsing of <strong> clinicallobell.es <\/strong> may not be optimal and some of the utilities available to <strong> clinicallobell.es <\/strong> may not work correctly.<\/p>\n<p><strong> a) Own cookies <\/strong><\/p>\n<p>In order to recognize you and provide you with a better service, our site uses its own cookies (small text files that your browser stores). The advantages of accepting our cookies translates into a saving of time. They can also be used to recognize you between successive visits and thus adapt the content shown to you, to obtain information about the date and time of your last visit, measure some traffic parameters within the site itself, and estimate the number of visits made, so that we can focus and adjust services and promotions more effectively.<\/p>\n<p>No cookie allows you to contact your phone number, your email address or any other means of contact. No cookie can extract information from your hard drive or steal personal information.<\/p>\n<p>&nbsp;<\/p>\n<\/div>\n<\/div>\n<div class=\"wpb_wrapper\">\n<div class=\"address\">\n<p><strong>b) Third party cookies.\u00a0<\/strong><\/p>\n<div class=\"wpb_wrapper\">\n<div>Google Analytics<\/div>\n<\/div>\n<div>\n<table>\n<tbody>\n<tr>\n<th>COOKIE NAME<\/th>\n<th width=\"180px\">DEFAULT DURATION<\/th>\n<th>DESCRIPTION<\/th>\n<\/tr>\n<tr>\n<td><code>__utma<\/code><\/td>\n<td>Two years after configuration or update<\/td>\n<td>Used to distinguish users and sessions. The cookie is created when the JavaScript library is executed and there is no __utma cookie. The cookie is updated every time data is sent to Google Analytics.<\/td>\n<\/tr>\n<tr>\n<td><code>__utmt<\/code><\/td>\n<td>10 minutes<\/td>\n<td>Used to limit the percentage of requests.<\/td>\n<\/tr>\n<tr>\n<td><code>__utmb<\/code><\/td>\n<td>30 minutes from configuration or update<\/td>\n<td>Used to determine new sessions or visits. The cookie is created when the JavaScript library is executed and there is no __utmb cookie. The cookie is updated every time data is sent to Google Analytics.<\/td>\n<\/tr>\n<tr>\n<td><code>__utmc<\/code><\/td>\n<td>End of browser session<\/td>\n<td>Not used in ga.js. It is configured to interact with urchin.js. Previously, this cookie acted with the cookie <code> __utmb <\/code> to determine if the user was in a new session or visit.<\/td>\n<\/tr>\n<tr>\n<td><code>__utmz<\/code><\/td>\n<td>Six months from the configuration or update<\/td>\n<td>Stores the traffic source or campaign that explains how the user has arrived at the site. The cookie is created when the JavaScript library is executed and updated every time data is sent to Google Analytics.<\/td>\n<\/tr>\n<tr>\n<td><code>__utmv<\/code><\/td>\n<td>Two years after configuration or update<\/td>\n<td>It is used to store data of custom visitor variables. This cookie is created when a programmer uses the <a href=\"https:\/\/developers.google.com\/analytics\/devguides\/collection\/gajs\/methods\/gaJSApiBasicConfiguration?hl=en#_gat.GA_Tracker_._setCustomVar\"> <code> _setCustomVar <\/code> <\/a> with a custom visitor variable. It was also used for the <code> _setVar <\/code> method removed. The cookie is updated every time data is sent to Google Analytics.<\/td>\n<\/tr>\n<\/tbody>\n<\/table>\n<\/div>\n<div><\/div>\n<div><\/div>\n<p>&nbsp;<\/p>\n<div>\n<div class=\"wpb_wrapper\">\u00a0Google Maps, Youtube, ShareThis, Wordfence<\/div>\n<div>\n<table>\n<tbody>\n<tr>\n<th>COOKIE NAME<\/th>\n<th width=\"180px\">DEFAULT DURATION<\/th>\n<th>DESCRIPTION<\/th>\n<\/tr>\n<tr>\n<td><code>maps.google.es<\/code><\/td>\n<td>Session<\/td>\n<td>Geolocation data<\/td>\n<\/tr>\n<tr>\n<td><code>youtube\u00a0<\/code><\/td>\n<td>Persistent<\/td>\n<td>YouTube preferences<\/td>\n<\/tr>\n<tr>\n<td><code>wordfence_verifiedHumans<\/code><\/td>\n<td>24 hours<\/td>\n<td>Live Traffic function of Wordfence, a WordPress security plugin. It is used to separate human users from bots in the Live Traffic option of Wordfence.<\/td>\n<\/tr>\n<tr>\n<td><code><a href=\"http:\/\/www.sharethis.com\/legal\/privacy\/\" target=\"_blank\" rel=\"noopener noreferrer\">ShareThis<\/a><\/code><\/td>\n<td>End of browser session<\/td>\n<td>Statistical reports on website traffic on social networks<\/td>\n<\/tr>\n<tr>\n<td><\/td>\n<td><\/td>\n<td><\/td>\n<\/tr>\n<tr>\n<td><\/td>\n<td><\/td>\n<td><\/td>\n<\/tr>\n<\/tbody>\n<\/table>\n<\/div>\n<div class=\"wpb_wrapper\">\n<div><\/div>\n<\/div>\n<\/div>\n<\/div>\n<div class=\"wpb_wrapper\"><\/div>\n<div class=\"address\">\n<p><strong>User settings to avoid Cookies <\/strong><\/p>\n<p>From <b><i>marabelia.com<\/i> <\/b> and in compliance with current legal regulations, we provide you with the information that allows you to configure your browser \/ Internet browsers to maintain your privacy and security in relation to cookies. Therefore, we provide you with the information and links to the official support sites of the main browsers so that you can decide whether or not to accept the use of cookies.<\/p>\n<p>Thus, you can block cookies through the browser configuration tools or you can configure your browser to notify you when a server wants to save a cookie:<\/p>\n<ol>\n<li>If you use\u00a0<strong>Microsoft Internet Explorer<\/strong>,<br \/>\nen la opci\u00f3n de men\u00fa Herramientas &gt; Opciones de Internet &gt; Privacidad &gt; Configuraci\u00f3n.<br \/>\nPara saber m\u00e1s visita:<br \/>\n<strong>http:\/\/windows.microsoft.com\/es-es\/windows-vista\/block-or-allow-cookies<\/strong><br \/>\n<strong>http:\/\/windows.microsoft.com\/es-es\/windows7\/how-to-manage-cookies-in-internet-explorer-9<\/strong>\u00a0.<\/li>\n<li>If you use\u00a0<strong>Firefox<\/strong>,<br \/>\nin the Tools menu option &gt; Options &gt; Privacy &gt; Cookies.<br \/>\nTo know more visit:<br \/>\n<strong>https:\/\/support.mozilla.org\/es\/kb\/habilitar-y-deshabilitar-cookies-que-los-sitios-we<\/strong><\/li>\n<li>If you use\u00a0<strong>Chrome<\/strong>,<br \/>\nin the Options &gt; Advanced options &gt; Privacy section.<br \/>\nTo know more visit:<br \/>\n<strong>http:\/\/support.google.com\/chrome\/bin\/answer.py?hl=es&amp;answer=95647<\/strong><\/li>\n<li>If you use\u00a0<strong>Safari<\/strong>,<br \/>\nin the option of Edit &gt; Preferences &gt; Privacy.<br \/>\nTo know more visit:<br \/>\n<strong>http:\/\/support.apple.com\/kb\/ht1677?viewlocale=es_ES<\/strong><\/li>\n<li>If you use\u00a0<strong>Opera<\/strong>,<br \/>\nIn the Security and Privacy option, you can configure the browser.<br \/>\nTo know more visit:<br \/>\n<strong>http:\/\/www.opera.com\/help\/tutorials\/security\/cookies\/<\/strong><\/li>\n<\/ol>\n<\/div>\n<\/div>\n<\/div>\n[\/vc_column_text][\/vc_column][\/vc_row]\n","protected":false},"excerpt":{"rendered":"[vc_row css=&#8221;.vc_custom_1555491754587{padding-right: 15% !important;padding-left: 15% !important;}&#8221;][vc_column][vc_column_text] LEGAL WARNING [\/vc_column_text][vc_column_text]CL\u00cdNICA IMPLANTOL\u00d3GICA LLOBELL, SL, owner of the domain http:\/\/clinicallobell.es and in compliance with the provisions of Law 34\/2002, of July 11, on Services of the Information Society and Electronic Commerce (LSSICE) and in accordance with the provisions of current regulations on protection of personal data, Regulation (EU)<\/p>\n","protected":false},"author":4,"featured_media":0,"parent":0,"menu_order":0,"comment_status":"open","ping_status":"closed","template":"page-blank.php","meta":{"footnotes":""},"class_list":["post-4843","page","type-page","status-publish","hentry"],"_links":{"self":[{"href":"https:\/\/clinicallobell.es\/en\/wp-json\/wp\/v2\/pages\/4843"}],"collection":[{"href":"https:\/\/clinicallobell.es\/en\/wp-json\/wp\/v2\/pages"}],"about":[{"href":"https:\/\/clinicallobell.es\/en\/wp-json\/wp\/v2\/types\/page"}],"author":[{"embeddable":true,"href":"https:\/\/clinicallobell.es\/en\/wp-json\/wp\/v2\/users\/4"}],"replies":[{"embeddable":true,"href":"https:\/\/clinicallobell.es\/en\/wp-json\/wp\/v2\/comments?post=4843"}],"version-history":[{"count":3,"href":"https:\/\/clinicallobell.es\/en\/wp-json\/wp\/v2\/pages\/4843\/revisions"}],"predecessor-version":[{"id":4846,"href":"https:\/\/clinicallobell.es\/en\/wp-json\/wp\/v2\/pages\/4843\/revisions\/4846"}],"wp:attachment":[{"href":"https:\/\/clinicallobell.es\/en\/wp-json\/wp\/v2\/media?parent=4843"}],"curies":[{"name":"wp","href":"https:\/\/api.w.org\/{rel}","templated":true}]}}